{"id":4439,"date":"2018-05-02T10:24:27","date_gmt":"2018-05-02T17:24:27","guid":{"rendered":"https:\/\/www.satorihealth.ca\/blog\/?post_type=product&#038;p=4439"},"modified":"2018-05-02T10:39:55","modified_gmt":"2018-05-02T17:39:55","slug":"super-efa-liquid-plus-coq10","status":"publish","type":"product","link":"https:\/\/www.satorihealth.ca\/blog\/product\/super-efa-liquid-plus-coq10\/","title":{"rendered":"Super EFA Liquid Plus CoQ10"},"content":{"rendered":"<p><strong>Cardiovascular support combination<\/strong><br \/>\n\u2022 Provides 930 mg of EPA and 710 mg of DHA per daily dose<br \/>\n\u2022 Contains 50 mg of CoQ<sub>10<\/sub>\u00a0per dose<br \/>\n\u2022 Helps to reduce serum triglycerides<br \/>\n\u2022 A source of antioxidants for the maintenance of good health<\/p>\n<p>Super EFA Liquid Plus CoQ<sub>10<\/sub>\u00a0is a combination of CoQ<sub>10<\/sub>\u00a0and essential omega-3 fatty acids that helps to maintain optimal health. As\u00a0CoQ<sub>10<\/sub>\u00a0is involved in the transportation of electrons in the mitochondria and is needed for the production of ATP,<sup>1<\/sup>\u00a0it is present in tissues with high metabolic activity, including the heart.<sup>2<\/sup>\u00a0CoQ<sub>10<\/sub>\u00a0is also an important intracellular antioxidant that supports overall wellbeing by scavenging free radicals and decreasing oxidative damage to DNA.<sup>3<\/sup>\u00a0EPA and DHA further maintain optimal health by decreasing triglyceride levels.<sup>4<\/sup>\u00a0Specifically, they decrease fat production and increase \u00df-oxidation of fatty acids in the liver.<sup>5<\/sup>\u00a0This results in fewer triglycerides available for the production of very low density lipoproteins, molecules that transport lipids throughout the body.<sup>4,6<\/sup>\u00a0In a randomized, placebo-controlled trial involving 67 overweight adults, supplementation with 1.56 g of EPA and DHA daily for 12 weeks lowered serum triglyceride levels by 26%.<sup>7<\/sup><\/p>\n<p>REFERENCES<br \/>\n1. Juan Garrido-Maraver, J, Cordero, MD, Oropesa-\u00c1vila, M, Fern\u00e1ndez Vega, A, de la Mata, M, Delgado Pav\u00f3n, A, de Miguel, M, P\u00e9rez Calero, C, Villanueva Paz, M, Cot\u00e1n, D, S\u00e1nchez-Alc\u00e1zar, JA. Molecular Syndromology. 2014; 5: 187-197.<br \/>\n2. de Frutosa, F, Geab, A, Hernandez-Estefaniaa, R, Rabagoa, G. Interact CardioVasc Thorac Surg. 2015; 20(2): 254-259.<br \/>\n3. Flowers N, Hartley L, Todkill D, Stranges S, Rees K. The Cochrane Library. 2014; 12: 1-43.<br \/>\n4. Davidson, MH. The American Journal of Cardiology. 2006; 98(4A): 27i-33i.<br \/>\n5.\u00a0 Mozaffarian D, Wu, JHY. Journal of the American College of Cardiology. 2011; 58(20): 2047-2067.<br \/>\n6. Estronca, LMBB, Filipe, HAL, Salvador, A, Moreno, AJ, Vaz, WLC. Journal of Lipid Research. 2014; 55: 1033-1043.<br \/>\n7. Milte, CM, Coates, AM, Buckley, JD, Hill, AM, Howe, PRC. British Journal of Nutrition. 2008; 99: 1083\u20131088.<\/p>\n<p>&nbsp;<\/p>\n<p><img loading=\"lazy\" decoding=\"async\" class=\"aligncenter size-full wp-image-4445\" src=\"https:\/\/www.satorihealth.ca\/blog\/wp-content\/uploads\/2018\/05\/572_Super_EFA_Liquid_Plus_CoQ10_US.png\" alt=\"\" width=\"400\" height=\"400\" srcset=\"https:\/\/www.satorihealth.ca\/blog\/wp-content\/uploads\/2018\/05\/572_Super_EFA_Liquid_Plus_CoQ10_US.png 400w, https:\/\/www.satorihealth.ca\/blog\/wp-content\/uploads\/2018\/05\/572_Super_EFA_Liquid_Plus_CoQ10_US-295x295.png 295w, https:\/\/www.satorihealth.ca\/blog\/wp-content\/uploads\/2018\/05\/572_Super_EFA_Liquid_Plus_CoQ10_US-100x100.png 100w, https:\/\/www.satorihealth.ca\/blog\/wp-content\/uploads\/2018\/05\/572_Super_EFA_Liquid_Plus_CoQ10_US-296x296.png 296w, https:\/\/www.satorihealth.ca\/blog\/wp-content\/uploads\/2018\/05\/572_Super_EFA_Liquid_Plus_CoQ10_US-150x150.png 150w, https:\/\/www.satorihealth.ca\/blog\/wp-content\/uploads\/2018\/05\/572_Super_EFA_Liquid_Plus_CoQ10_US-300x300.png 300w\" sizes=\"auto, (max-width: 400px) 100vw, 400px\" \/><\/p>\n","protected":false},"excerpt":{"rendered":"<p>Cardiovascular support combination \u2022 Provides 930 mg of EPA and 710 mg of DHA per daily dose \u2022 Contains 50 mg of CoQ10\u00a0per dose \u2022 Helps to reduce serum triglycerides \u2022 A source of antioxidants for the maintenance of good health Super EFA Liquid Plus CoQ10\u00a0is a combination of CoQ10\u00a0and essential omega-3 fatty acids that helps to maintain optimal health. As\u00a0CoQ10\u00a0is involved in the transportation of electrons in the mitochondria and is needed for the production of ATP,1\u00a0it is present in tissues with high metabolic activity, including the heart.2\u00a0CoQ10\u00a0is also an important intracellular antioxidant that supports overall wellbeing by scavenging free radicals and decreasing oxidative damage to DNA.3\u00a0EPA and DHA further maintain optimal health by decreasing triglyceride levels.4\u00a0Specifically, they decrease fat production and increase \u00df-oxidation of fatty acids in the liver.5\u00a0This results in fewer triglycerides available for the production of very low density lipoproteins, molecules that transport lipids throughout the body.4,6\u00a0In a randomized, placebo-controlled trial involving 67 overweight adults, supplementation with 1.56 g of EPA and DHA daily for 12 weeks lowered serum triglyceride levels by 26%.7 REFERENCES 1. Juan Garrido-Maraver, J, Cordero, MD, Oropesa-\u00c1vila, M, Fern\u00e1ndez Vega, A, de la Mata, M, Delgado Pav\u00f3n, A, de Miguel, M, P\u00e9rez [&hellip;]<\/p>\n","protected":false},"featured_media":4445,"template":"","meta":{"wds_primary_product_brand":0,"wds_primary_product_cat":0},"product_brand":[],"product_cat":[79],"product_tag":[],"class_list":{"0":"post-4439","1":"product","2":"type-product","3":"status-publish","4":"has-post-thumbnail","6":"product_cat-essential-fatty-acids","8":"first","9":"instock","10":"taxable","11":"shipping-taxable","12":"purchasable","13":"product-type-simple"},"yoast_head":"<!-- This site is optimized with the Yoast SEO plugin v27.6 - https:\/\/yoast.com\/product\/yoast-seo-wordpress\/ -->\n<title>Super EFA Liquid Plus CoQ10 - Satori Radio Podcast | Blog<\/title>\n<meta name=\"robots\" content=\"index, follow, max-snippet:-1, max-image-preview:large, max-video-preview:-1\" \/>\n<link rel=\"canonical\" href=\"https:\/\/www.satorihealth.ca\/blog\/product\/super-efa-liquid-plus-coq10\/\" \/>\n<meta property=\"og:locale\" content=\"en_US\" \/>\n<meta property=\"og:type\" content=\"article\" \/>\n<meta property=\"og:title\" content=\"Super EFA Liquid Plus CoQ10 - Satori Radio Podcast | Blog\" \/>\n<meta property=\"og:description\" content=\"Cardiovascular support combination \u2022 Provides 930 mg of EPA and 710 mg of DHA per daily dose \u2022 Contains 50 mg of CoQ10\u00a0per dose \u2022 Helps to reduce serum triglycerides \u2022 A source of antioxidants for the maintenance of good health Super EFA Liquid Plus CoQ10\u00a0is a combination of CoQ10\u00a0and essential omega-3 fatty acids that helps to maintain optimal health. As\u00a0CoQ10\u00a0is involved in the transportation of electrons in the mitochondria and is needed for the production of ATP,1\u00a0it is present in tissues with high metabolic activity, including the heart.2\u00a0CoQ10\u00a0is also an important intracellular antioxidant that supports overall wellbeing by scavenging free radicals and decreasing oxidative damage to DNA.3\u00a0EPA and DHA further maintain optimal health by decreasing triglyceride levels.4\u00a0Specifically, they decrease fat production and increase \u00df-oxidation of fatty acids in the liver.5\u00a0This results in fewer triglycerides available for the production of very low density lipoproteins, molecules that transport lipids throughout the body.4,6\u00a0In a randomized, placebo-controlled trial involving 67 overweight adults, supplementation with 1.56 g of EPA and DHA daily for 12 weeks lowered serum triglyceride levels by 26%.7 REFERENCES 1. Juan Garrido-Maraver, J, Cordero, MD, Oropesa-\u00c1vila, M, Fern\u00e1ndez Vega, A, de la Mata, M, Delgado Pav\u00f3n, A, de Miguel, M, P\u00e9rez [&hellip;]\" \/>\n<meta property=\"og:url\" content=\"https:\/\/www.satorihealth.ca\/blog\/product\/super-efa-liquid-plus-coq10\/\" \/>\n<meta property=\"og:site_name\" content=\"Satori Radio Podcast | Blog\" \/>\n<meta property=\"article:publisher\" content=\"http:\/\/satorihwcoachingltd\" \/>\n<meta property=\"article:modified_time\" content=\"2018-05-02T17:39:55+00:00\" \/>\n<meta property=\"og:image\" content=\"https:\/\/www.satorihealth.ca\/blog\/wp-content\/uploads\/2018\/05\/572_Super_EFA_Liquid_Plus_CoQ10_US.png\" \/>\n\t<meta property=\"og:image:width\" content=\"400\" \/>\n\t<meta property=\"og:image:height\" content=\"400\" \/>\n\t<meta property=\"og:image:type\" content=\"image\/png\" \/>\n<meta name=\"twitter:card\" content=\"summary_large_image\" \/>\n<meta name=\"twitter:label1\" content=\"Est. reading time\" \/>\n\t<meta name=\"twitter:data1\" content=\"1 minute\" \/>\n<script type=\"application\/ld+json\" class=\"yoast-schema-graph\">{\"@context\":\"https:\\\/\\\/schema.org\",\"@graph\":[{\"@type\":\"WebPage\",\"@id\":\"https:\\\/\\\/www.satorihealth.ca\\\/blog\\\/product\\\/super-efa-liquid-plus-coq10\\\/\",\"url\":\"https:\\\/\\\/www.satorihealth.ca\\\/blog\\\/product\\\/super-efa-liquid-plus-coq10\\\/\",\"name\":\"Super EFA Liquid Plus CoQ10 - Satori Radio Podcast | Blog\",\"isPartOf\":{\"@id\":\"https:\\\/\\\/www.satorihealth.ca\\\/blog\\\/#website\"},\"primaryImageOfPage\":{\"@id\":\"https:\\\/\\\/www.satorihealth.ca\\\/blog\\\/product\\\/super-efa-liquid-plus-coq10\\\/#primaryimage\"},\"image\":{\"@id\":\"https:\\\/\\\/www.satorihealth.ca\\\/blog\\\/product\\\/super-efa-liquid-plus-coq10\\\/#primaryimage\"},\"thumbnailUrl\":\"https:\\\/\\\/www.satorihealth.ca\\\/blog\\\/wp-content\\\/uploads\\\/2018\\\/05\\\/572_Super_EFA_Liquid_Plus_CoQ10_US.png\",\"datePublished\":\"2018-05-02T17:24:27+00:00\",\"dateModified\":\"2018-05-02T17:39:55+00:00\",\"breadcrumb\":{\"@id\":\"https:\\\/\\\/www.satorihealth.ca\\\/blog\\\/product\\\/super-efa-liquid-plus-coq10\\\/#breadcrumb\"},\"inLanguage\":\"en-US\",\"potentialAction\":[{\"@type\":\"ReadAction\",\"target\":[\"https:\\\/\\\/www.satorihealth.ca\\\/blog\\\/product\\\/super-efa-liquid-plus-coq10\\\/\"]}]},{\"@type\":\"ImageObject\",\"inLanguage\":\"en-US\",\"@id\":\"https:\\\/\\\/www.satorihealth.ca\\\/blog\\\/product\\\/super-efa-liquid-plus-coq10\\\/#primaryimage\",\"url\":\"https:\\\/\\\/www.satorihealth.ca\\\/blog\\\/wp-content\\\/uploads\\\/2018\\\/05\\\/572_Super_EFA_Liquid_Plus_CoQ10_US.png\",\"contentUrl\":\"https:\\\/\\\/www.satorihealth.ca\\\/blog\\\/wp-content\\\/uploads\\\/2018\\\/05\\\/572_Super_EFA_Liquid_Plus_CoQ10_US.png\",\"width\":400,\"height\":400},{\"@type\":\"BreadcrumbList\",\"@id\":\"https:\\\/\\\/www.satorihealth.ca\\\/blog\\\/product\\\/super-efa-liquid-plus-coq10\\\/#breadcrumb\",\"itemListElement\":[{\"@type\":\"ListItem\",\"position\":1,\"name\":\"Home\",\"item\":\"https:\\\/\\\/www.satorihealth.ca\\\/blog\\\/\"},{\"@type\":\"ListItem\",\"position\":2,\"name\":\"Products\",\"item\":\"https:\\\/\\\/www.satorihealth.ca\\\/blog\\\/shop\\\/\"},{\"@type\":\"ListItem\",\"position\":3,\"name\":\"Super EFA Liquid Plus CoQ10\"}]},{\"@type\":\"WebSite\",\"@id\":\"https:\\\/\\\/www.satorihealth.ca\\\/blog\\\/#website\",\"url\":\"https:\\\/\\\/www.satorihealth.ca\\\/blog\\\/\",\"name\":\"Satori Radio Blog\",\"description\":\"Live In Health. Live From The Soul.\",\"publisher\":{\"@id\":\"https:\\\/\\\/www.satorihealth.ca\\\/blog\\\/#organization\"},\"potentialAction\":[{\"@type\":\"SearchAction\",\"target\":{\"@type\":\"EntryPoint\",\"urlTemplate\":\"https:\\\/\\\/www.satorihealth.ca\\\/blog\\\/?s={search_term_string}\"},\"query-input\":{\"@type\":\"PropertyValueSpecification\",\"valueRequired\":true,\"valueName\":\"search_term_string\"}}],\"inLanguage\":\"en-US\"},{\"@type\":\"Organization\",\"@id\":\"https:\\\/\\\/www.satorihealth.ca\\\/blog\\\/#organization\",\"name\":\"Satori Health & Wellness Coaching\",\"url\":\"https:\\\/\\\/www.satorihealth.ca\\\/blog\\\/\",\"logo\":{\"@type\":\"ImageObject\",\"inLanguage\":\"en-US\",\"@id\":\"https:\\\/\\\/www.satorihealth.ca\\\/blog\\\/#\\\/schema\\\/logo\\\/image\\\/\",\"url\":\"https:\\\/\\\/www.satorihealth.ca\\\/blog\\\/wp-content\\\/uploads\\\/2018\\\/04\\\/IMG_2512.jpg\",\"contentUrl\":\"https:\\\/\\\/www.satorihealth.ca\\\/blog\\\/wp-content\\\/uploads\\\/2018\\\/04\\\/IMG_2512.jpg\",\"width\":1200,\"height\":600,\"caption\":\"Satori Health & Wellness Coaching\"},\"image\":{\"@id\":\"https:\\\/\\\/www.satorihealth.ca\\\/blog\\\/#\\\/schema\\\/logo\\\/image\\\/\"},\"sameAs\":[\"http:\\\/\\\/satorihwcoachingltd\"]}]}<\/script>\n<!-- \/ Yoast SEO plugin. -->","yoast_head_json":{"title":"Super EFA Liquid Plus CoQ10 - Satori Radio Podcast | Blog","robots":{"index":"index","follow":"follow","max-snippet":"max-snippet:-1","max-image-preview":"max-image-preview:large","max-video-preview":"max-video-preview:-1"},"canonical":"https:\/\/www.satorihealth.ca\/blog\/product\/super-efa-liquid-plus-coq10\/","og_locale":"en_US","og_type":"article","og_title":"Super EFA Liquid Plus CoQ10 - Satori Radio Podcast | Blog","og_description":"Cardiovascular support combination \u2022 Provides 930 mg of EPA and 710 mg of DHA per daily dose \u2022 Contains 50 mg of CoQ10\u00a0per dose \u2022 Helps to reduce serum triglycerides \u2022 A source of antioxidants for the maintenance of good health Super EFA Liquid Plus CoQ10\u00a0is a combination of CoQ10\u00a0and essential omega-3 fatty acids that helps to maintain optimal health. As\u00a0CoQ10\u00a0is involved in the transportation of electrons in the mitochondria and is needed for the production of ATP,1\u00a0it is present in tissues with high metabolic activity, including the heart.2\u00a0CoQ10\u00a0is also an important intracellular antioxidant that supports overall wellbeing by scavenging free radicals and decreasing oxidative damage to DNA.3\u00a0EPA and DHA further maintain optimal health by decreasing triglyceride levels.4\u00a0Specifically, they decrease fat production and increase \u00df-oxidation of fatty acids in the liver.5\u00a0This results in fewer triglycerides available for the production of very low density lipoproteins, molecules that transport lipids throughout the body.4,6\u00a0In a randomized, placebo-controlled trial involving 67 overweight adults, supplementation with 1.56 g of EPA and DHA daily for 12 weeks lowered serum triglyceride levels by 26%.7 REFERENCES 1. Juan Garrido-Maraver, J, Cordero, MD, Oropesa-\u00c1vila, M, Fern\u00e1ndez Vega, A, de la Mata, M, Delgado Pav\u00f3n, A, de Miguel, M, P\u00e9rez [&hellip;]","og_url":"https:\/\/www.satorihealth.ca\/blog\/product\/super-efa-liquid-plus-coq10\/","og_site_name":"Satori Radio Podcast | Blog","article_publisher":"http:\/\/satorihwcoachingltd","article_modified_time":"2018-05-02T17:39:55+00:00","og_image":[{"width":400,"height":400,"url":"https:\/\/www.satorihealth.ca\/blog\/wp-content\/uploads\/2018\/05\/572_Super_EFA_Liquid_Plus_CoQ10_US.png","type":"image\/png"}],"twitter_card":"summary_large_image","twitter_misc":{"Est. reading time":"1 minute"},"schema":{"@context":"https:\/\/schema.org","@graph":[{"@type":"WebPage","@id":"https:\/\/www.satorihealth.ca\/blog\/product\/super-efa-liquid-plus-coq10\/","url":"https:\/\/www.satorihealth.ca\/blog\/product\/super-efa-liquid-plus-coq10\/","name":"Super EFA Liquid Plus CoQ10 - Satori Radio Podcast | Blog","isPartOf":{"@id":"https:\/\/www.satorihealth.ca\/blog\/#website"},"primaryImageOfPage":{"@id":"https:\/\/www.satorihealth.ca\/blog\/product\/super-efa-liquid-plus-coq10\/#primaryimage"},"image":{"@id":"https:\/\/www.satorihealth.ca\/blog\/product\/super-efa-liquid-plus-coq10\/#primaryimage"},"thumbnailUrl":"https:\/\/www.satorihealth.ca\/blog\/wp-content\/uploads\/2018\/05\/572_Super_EFA_Liquid_Plus_CoQ10_US.png","datePublished":"2018-05-02T17:24:27+00:00","dateModified":"2018-05-02T17:39:55+00:00","breadcrumb":{"@id":"https:\/\/www.satorihealth.ca\/blog\/product\/super-efa-liquid-plus-coq10\/#breadcrumb"},"inLanguage":"en-US","potentialAction":[{"@type":"ReadAction","target":["https:\/\/www.satorihealth.ca\/blog\/product\/super-efa-liquid-plus-coq10\/"]}]},{"@type":"ImageObject","inLanguage":"en-US","@id":"https:\/\/www.satorihealth.ca\/blog\/product\/super-efa-liquid-plus-coq10\/#primaryimage","url":"https:\/\/www.satorihealth.ca\/blog\/wp-content\/uploads\/2018\/05\/572_Super_EFA_Liquid_Plus_CoQ10_US.png","contentUrl":"https:\/\/www.satorihealth.ca\/blog\/wp-content\/uploads\/2018\/05\/572_Super_EFA_Liquid_Plus_CoQ10_US.png","width":400,"height":400},{"@type":"BreadcrumbList","@id":"https:\/\/www.satorihealth.ca\/blog\/product\/super-efa-liquid-plus-coq10\/#breadcrumb","itemListElement":[{"@type":"ListItem","position":1,"name":"Home","item":"https:\/\/www.satorihealth.ca\/blog\/"},{"@type":"ListItem","position":2,"name":"Products","item":"https:\/\/www.satorihealth.ca\/blog\/shop\/"},{"@type":"ListItem","position":3,"name":"Super EFA Liquid Plus CoQ10"}]},{"@type":"WebSite","@id":"https:\/\/www.satorihealth.ca\/blog\/#website","url":"https:\/\/www.satorihealth.ca\/blog\/","name":"Satori Radio Blog","description":"Live In Health. Live From The Soul.","publisher":{"@id":"https:\/\/www.satorihealth.ca\/blog\/#organization"},"potentialAction":[{"@type":"SearchAction","target":{"@type":"EntryPoint","urlTemplate":"https:\/\/www.satorihealth.ca\/blog\/?s={search_term_string}"},"query-input":{"@type":"PropertyValueSpecification","valueRequired":true,"valueName":"search_term_string"}}],"inLanguage":"en-US"},{"@type":"Organization","@id":"https:\/\/www.satorihealth.ca\/blog\/#organization","name":"Satori Health & Wellness Coaching","url":"https:\/\/www.satorihealth.ca\/blog\/","logo":{"@type":"ImageObject","inLanguage":"en-US","@id":"https:\/\/www.satorihealth.ca\/blog\/#\/schema\/logo\/image\/","url":"https:\/\/www.satorihealth.ca\/blog\/wp-content\/uploads\/2018\/04\/IMG_2512.jpg","contentUrl":"https:\/\/www.satorihealth.ca\/blog\/wp-content\/uploads\/2018\/04\/IMG_2512.jpg","width":1200,"height":600,"caption":"Satori Health & Wellness Coaching"},"image":{"@id":"https:\/\/www.satorihealth.ca\/blog\/#\/schema\/logo\/image\/"},"sameAs":["http:\/\/satorihwcoachingltd"]}]}},"_links":{"self":[{"href":"https:\/\/www.satorihealth.ca\/blog\/wp-json\/wp\/v2\/product\/4439","targetHints":{"allow":["GET"]}}],"collection":[{"href":"https:\/\/www.satorihealth.ca\/blog\/wp-json\/wp\/v2\/product"}],"about":[{"href":"https:\/\/www.satorihealth.ca\/blog\/wp-json\/wp\/v2\/types\/product"}],"wp:featuredmedia":[{"embeddable":true,"href":"https:\/\/www.satorihealth.ca\/blog\/wp-json\/wp\/v2\/media\/4445"}],"wp:attachment":[{"href":"https:\/\/www.satorihealth.ca\/blog\/wp-json\/wp\/v2\/media?parent=4439"}],"wp:term":[{"taxonomy":"product_brand","embeddable":true,"href":"https:\/\/www.satorihealth.ca\/blog\/wp-json\/wp\/v2\/product_brand?post=4439"},{"taxonomy":"product_cat","embeddable":true,"href":"https:\/\/www.satorihealth.ca\/blog\/wp-json\/wp\/v2\/product_cat?post=4439"},{"taxonomy":"product_tag","embeddable":true,"href":"https:\/\/www.satorihealth.ca\/blog\/wp-json\/wp\/v2\/product_tag?post=4439"}],"curies":[{"name":"wp","href":"https:\/\/api.w.org\/{rel}","templated":true}]}}