{"id":4501,"date":"2018-05-02T13:39:37","date_gmt":"2018-05-02T20:39:37","guid":{"rendered":"https:\/\/www.satorihealth.ca\/blog\/?post_type=product&#038;p=4501"},"modified":"2019-10-24T23:54:44","modified_gmt":"2019-10-25T06:54:44","slug":"hmf-fit-for-school","status":"publish","type":"product","link":"https:\/\/www.satorihealth.ca\/blog\/product\/hmf-fit-for-school\/","title":{"rendered":"HMF Fit For School"},"content":{"rendered":"<p><strong>Children\u2019s immune support formula<\/strong><br \/>\n\u2022 Helps to reduce incidence of upper respiratory tract infection (URTI) symptoms<br \/>\n\u2022 Provides 12.5 billion CFU of live microorganisms that temporarily modify gut flora<br \/>\n\u2022 Includes 50 mg of vitamin C and 1000 IU of vitamin D per serving<br \/>\n\u2022 Chewable tablets with a delicious natural blackcurrant flavour<\/p>\n<p>GENESTRA BRANDS HMF Fit for School includes a combination of research-driven probiotic strains and vitamin C that helps to reduce incidence of URTI symptoms in children. In a recent clinical trial, 57 schoolchildren were randomized to receive either a placebo tablet or the probiotic strains included in HMF Fit for School\u2019s formula plus 50 mg of vitamin C daily for 6 months. Children in the probiotic plus vitamin C group had 33% less incidence of URTI, a significant decrease in the number of days with URTI symptoms, and a 30% decrease in school absenteeism.<sup>1<\/sup>\u00a0HMF Fit for School also includes 25 mcg (1000 IU) of vitamin D per tablet.<\/p>\n<p>&nbsp;<\/p>\n<p>REFERENCES<br \/>\n1. Garaiova I, Muchov\u00e1 J, Nagyov\u00e1 Z, Wang D, Li JV, Orsz\u00e1ghov\u00e1 Z et al. European Journal of Clinical Nutrition. 2014; 174: 1\u20137<\/p>\n<p><img loading=\"lazy\" decoding=\"async\" class=\"aligncenter size-full wp-image-4518\" src=\"https:\/\/www.satorihealth.ca\/blog\/wp-content\/uploads\/2018\/05\/497_hmf_fit_for_school_ca_1.jpg\" alt=\"\" width=\"400\" height=\"400\" srcset=\"https:\/\/www.satorihealth.ca\/blog\/wp-content\/uploads\/2018\/05\/497_hmf_fit_for_school_ca_1.jpg 400w, https:\/\/www.satorihealth.ca\/blog\/wp-content\/uploads\/2018\/05\/497_hmf_fit_for_school_ca_1-295x295.jpg 295w, https:\/\/www.satorihealth.ca\/blog\/wp-content\/uploads\/2018\/05\/497_hmf_fit_for_school_ca_1-100x100.jpg 100w, https:\/\/www.satorihealth.ca\/blog\/wp-content\/uploads\/2018\/05\/497_hmf_fit_for_school_ca_1-296x296.jpg 296w, https:\/\/www.satorihealth.ca\/blog\/wp-content\/uploads\/2018\/05\/497_hmf_fit_for_school_ca_1-150x150.jpg 150w, https:\/\/www.satorihealth.ca\/blog\/wp-content\/uploads\/2018\/05\/497_hmf_fit_for_school_ca_1-300x300.jpg 300w\" sizes=\"auto, (max-width: 400px) 100vw, 400px\" \/><\/p>\n","protected":false},"excerpt":{"rendered":"<p>Children\u2019s immune support formula \u2022 Helps to reduce incidence of upper respiratory tract infection (URTI) symptoms \u2022 Provides 12.5 billion CFU of live microorganisms that temporarily modify gut flora \u2022 Includes 50 mg of vitamin C and 1000 IU of vitamin D per serving \u2022 Chewable tablets with a delicious natural blackcurrant flavour GENESTRA BRANDS HMF Fit for School includes a combination of research-driven probiotic strains and vitamin C that helps to reduce incidence of URTI symptoms in children. In a recent clinical trial, 57 schoolchildren were randomized to receive either a placebo tablet or the probiotic strains included in HMF Fit for School\u2019s formula plus 50 mg of vitamin C daily for 6 months. Children in the probiotic plus vitamin C group had 33% less incidence of URTI, a significant decrease in the number of days with URTI symptoms, and a 30% decrease in school absenteeism.1\u00a0HMF Fit for School also includes 25 mcg (1000 IU) of vitamin D per tablet. &nbsp; REFERENCES 1. Garaiova I, Muchov\u00e1 J, Nagyov\u00e1 Z, Wang D, Li JV, Orsz\u00e1ghov\u00e1 Z et al. European Journal of Clinical Nutrition. 2014; 174: 1\u20137<\/p>\n","protected":false},"featured_media":4518,"template":"","meta":{"wds_primary_product_brand":0,"wds_primary_product_cat":0},"product_brand":[],"product_cat":[84],"product_tag":[],"class_list":{"0":"post-4501","1":"product","2":"type-product","3":"status-publish","4":"has-post-thumbnail","6":"product_cat-probiotics","8":"first","9":"instock","10":"taxable","11":"shipping-taxable","12":"purchasable","13":"product-type-simple"},"yoast_head":"<!-- This site is optimized with the Yoast SEO plugin v27.6 - https:\/\/yoast.com\/product\/yoast-seo-wordpress\/ -->\n<title>HMF Fit For School - Satori Radio Podcast | Blog<\/title>\n<meta name=\"robots\" content=\"index, follow, max-snippet:-1, max-image-preview:large, max-video-preview:-1\" \/>\n<link rel=\"canonical\" href=\"https:\/\/www.satorihealth.ca\/blog\/product\/hmf-fit-for-school\/\" \/>\n<meta property=\"og:locale\" content=\"en_US\" \/>\n<meta property=\"og:type\" content=\"article\" \/>\n<meta property=\"og:title\" content=\"HMF Fit For School - Satori Radio Podcast | Blog\" \/>\n<meta property=\"og:description\" content=\"Children\u2019s immune support formula \u2022 Helps to reduce incidence of upper respiratory tract infection (URTI) symptoms \u2022 Provides 12.5 billion CFU of live microorganisms that temporarily modify gut flora \u2022 Includes 50 mg of vitamin C and 1000 IU of vitamin D per serving \u2022 Chewable tablets with a delicious natural blackcurrant flavour GENESTRA BRANDS HMF Fit for School includes a combination of research-driven probiotic strains and vitamin C that helps to reduce incidence of URTI symptoms in children. In a recent clinical trial, 57 schoolchildren were randomized to receive either a placebo tablet or the probiotic strains included in HMF Fit for School\u2019s formula plus 50 mg of vitamin C daily for 6 months. Children in the probiotic plus vitamin C group had 33% less incidence of URTI, a significant decrease in the number of days with URTI symptoms, and a 30% decrease in school absenteeism.1\u00a0HMF Fit for School also includes 25 mcg (1000 IU) of vitamin D per tablet. &nbsp; REFERENCES 1. Garaiova I, Muchov\u00e1 J, Nagyov\u00e1 Z, Wang D, Li JV, Orsz\u00e1ghov\u00e1 Z et al. European Journal of Clinical Nutrition. 2014; 174: 1\u20137\" \/>\n<meta property=\"og:url\" content=\"https:\/\/www.satorihealth.ca\/blog\/product\/hmf-fit-for-school\/\" \/>\n<meta property=\"og:site_name\" content=\"Satori Radio Podcast | Blog\" \/>\n<meta property=\"article:publisher\" content=\"http:\/\/satorihwcoachingltd\" \/>\n<meta property=\"article:modified_time\" content=\"2019-10-25T06:54:44+00:00\" \/>\n<meta property=\"og:image\" content=\"https:\/\/www.satorihealth.ca\/blog\/wp-content\/uploads\/2018\/05\/497_hmf_fit_for_school_ca_1.jpg\" \/>\n\t<meta property=\"og:image:width\" content=\"400\" \/>\n\t<meta property=\"og:image:height\" content=\"400\" \/>\n\t<meta property=\"og:image:type\" content=\"image\/jpeg\" \/>\n<meta name=\"twitter:card\" content=\"summary_large_image\" \/>\n<meta name=\"twitter:label1\" content=\"Est. reading time\" \/>\n\t<meta name=\"twitter:data1\" content=\"1 minute\" \/>\n<script type=\"application\/ld+json\" class=\"yoast-schema-graph\">{\"@context\":\"https:\\\/\\\/schema.org\",\"@graph\":[{\"@type\":\"WebPage\",\"@id\":\"https:\\\/\\\/www.satorihealth.ca\\\/blog\\\/product\\\/hmf-fit-for-school\\\/\",\"url\":\"https:\\\/\\\/www.satorihealth.ca\\\/blog\\\/product\\\/hmf-fit-for-school\\\/\",\"name\":\"HMF Fit For School - Satori Radio Podcast | Blog\",\"isPartOf\":{\"@id\":\"https:\\\/\\\/www.satorihealth.ca\\\/blog\\\/#website\"},\"primaryImageOfPage\":{\"@id\":\"https:\\\/\\\/www.satorihealth.ca\\\/blog\\\/product\\\/hmf-fit-for-school\\\/#primaryimage\"},\"image\":{\"@id\":\"https:\\\/\\\/www.satorihealth.ca\\\/blog\\\/product\\\/hmf-fit-for-school\\\/#primaryimage\"},\"thumbnailUrl\":\"https:\\\/\\\/www.satorihealth.ca\\\/blog\\\/wp-content\\\/uploads\\\/2018\\\/05\\\/497_hmf_fit_for_school_ca_1.jpg\",\"datePublished\":\"2018-05-02T20:39:37+00:00\",\"dateModified\":\"2019-10-25T06:54:44+00:00\",\"breadcrumb\":{\"@id\":\"https:\\\/\\\/www.satorihealth.ca\\\/blog\\\/product\\\/hmf-fit-for-school\\\/#breadcrumb\"},\"inLanguage\":\"en-US\",\"potentialAction\":[{\"@type\":\"ReadAction\",\"target\":[\"https:\\\/\\\/www.satorihealth.ca\\\/blog\\\/product\\\/hmf-fit-for-school\\\/\"]}]},{\"@type\":\"ImageObject\",\"inLanguage\":\"en-US\",\"@id\":\"https:\\\/\\\/www.satorihealth.ca\\\/blog\\\/product\\\/hmf-fit-for-school\\\/#primaryimage\",\"url\":\"https:\\\/\\\/www.satorihealth.ca\\\/blog\\\/wp-content\\\/uploads\\\/2018\\\/05\\\/497_hmf_fit_for_school_ca_1.jpg\",\"contentUrl\":\"https:\\\/\\\/www.satorihealth.ca\\\/blog\\\/wp-content\\\/uploads\\\/2018\\\/05\\\/497_hmf_fit_for_school_ca_1.jpg\",\"width\":400,\"height\":400},{\"@type\":\"BreadcrumbList\",\"@id\":\"https:\\\/\\\/www.satorihealth.ca\\\/blog\\\/product\\\/hmf-fit-for-school\\\/#breadcrumb\",\"itemListElement\":[{\"@type\":\"ListItem\",\"position\":1,\"name\":\"Home\",\"item\":\"https:\\\/\\\/www.satorihealth.ca\\\/blog\\\/\"},{\"@type\":\"ListItem\",\"position\":2,\"name\":\"Products\",\"item\":\"https:\\\/\\\/www.satorihealth.ca\\\/blog\\\/shop\\\/\"},{\"@type\":\"ListItem\",\"position\":3,\"name\":\"HMF Fit For School\"}]},{\"@type\":\"WebSite\",\"@id\":\"https:\\\/\\\/www.satorihealth.ca\\\/blog\\\/#website\",\"url\":\"https:\\\/\\\/www.satorihealth.ca\\\/blog\\\/\",\"name\":\"Satori Radio Blog\",\"description\":\"Live In Health. Live From The Soul.\",\"publisher\":{\"@id\":\"https:\\\/\\\/www.satorihealth.ca\\\/blog\\\/#organization\"},\"potentialAction\":[{\"@type\":\"SearchAction\",\"target\":{\"@type\":\"EntryPoint\",\"urlTemplate\":\"https:\\\/\\\/www.satorihealth.ca\\\/blog\\\/?s={search_term_string}\"},\"query-input\":{\"@type\":\"PropertyValueSpecification\",\"valueRequired\":true,\"valueName\":\"search_term_string\"}}],\"inLanguage\":\"en-US\"},{\"@type\":\"Organization\",\"@id\":\"https:\\\/\\\/www.satorihealth.ca\\\/blog\\\/#organization\",\"name\":\"Satori Health & Wellness Coaching\",\"url\":\"https:\\\/\\\/www.satorihealth.ca\\\/blog\\\/\",\"logo\":{\"@type\":\"ImageObject\",\"inLanguage\":\"en-US\",\"@id\":\"https:\\\/\\\/www.satorihealth.ca\\\/blog\\\/#\\\/schema\\\/logo\\\/image\\\/\",\"url\":\"https:\\\/\\\/www.satorihealth.ca\\\/blog\\\/wp-content\\\/uploads\\\/2018\\\/04\\\/IMG_2512.jpg\",\"contentUrl\":\"https:\\\/\\\/www.satorihealth.ca\\\/blog\\\/wp-content\\\/uploads\\\/2018\\\/04\\\/IMG_2512.jpg\",\"width\":1200,\"height\":600,\"caption\":\"Satori Health & Wellness Coaching\"},\"image\":{\"@id\":\"https:\\\/\\\/www.satorihealth.ca\\\/blog\\\/#\\\/schema\\\/logo\\\/image\\\/\"},\"sameAs\":[\"http:\\\/\\\/satorihwcoachingltd\"]}]}<\/script>\n<!-- \/ Yoast SEO plugin. -->","yoast_head_json":{"title":"HMF Fit For School - Satori Radio Podcast | Blog","robots":{"index":"index","follow":"follow","max-snippet":"max-snippet:-1","max-image-preview":"max-image-preview:large","max-video-preview":"max-video-preview:-1"},"canonical":"https:\/\/www.satorihealth.ca\/blog\/product\/hmf-fit-for-school\/","og_locale":"en_US","og_type":"article","og_title":"HMF Fit For School - Satori Radio Podcast | Blog","og_description":"Children\u2019s immune support formula \u2022 Helps to reduce incidence of upper respiratory tract infection (URTI) symptoms \u2022 Provides 12.5 billion CFU of live microorganisms that temporarily modify gut flora \u2022 Includes 50 mg of vitamin C and 1000 IU of vitamin D per serving \u2022 Chewable tablets with a delicious natural blackcurrant flavour GENESTRA BRANDS HMF Fit for School includes a combination of research-driven probiotic strains and vitamin C that helps to reduce incidence of URTI symptoms in children. In a recent clinical trial, 57 schoolchildren were randomized to receive either a placebo tablet or the probiotic strains included in HMF Fit for School\u2019s formula plus 50 mg of vitamin C daily for 6 months. Children in the probiotic plus vitamin C group had 33% less incidence of URTI, a significant decrease in the number of days with URTI symptoms, and a 30% decrease in school absenteeism.1\u00a0HMF Fit for School also includes 25 mcg (1000 IU) of vitamin D per tablet. &nbsp; REFERENCES 1. Garaiova I, Muchov\u00e1 J, Nagyov\u00e1 Z, Wang D, Li JV, Orsz\u00e1ghov\u00e1 Z et al. European Journal of Clinical Nutrition. 2014; 174: 1\u20137","og_url":"https:\/\/www.satorihealth.ca\/blog\/product\/hmf-fit-for-school\/","og_site_name":"Satori Radio Podcast | Blog","article_publisher":"http:\/\/satorihwcoachingltd","article_modified_time":"2019-10-25T06:54:44+00:00","og_image":[{"width":400,"height":400,"url":"https:\/\/www.satorihealth.ca\/blog\/wp-content\/uploads\/2018\/05\/497_hmf_fit_for_school_ca_1.jpg","type":"image\/jpeg"}],"twitter_card":"summary_large_image","twitter_misc":{"Est. reading time":"1 minute"},"schema":{"@context":"https:\/\/schema.org","@graph":[{"@type":"WebPage","@id":"https:\/\/www.satorihealth.ca\/blog\/product\/hmf-fit-for-school\/","url":"https:\/\/www.satorihealth.ca\/blog\/product\/hmf-fit-for-school\/","name":"HMF Fit For School - Satori Radio Podcast | Blog","isPartOf":{"@id":"https:\/\/www.satorihealth.ca\/blog\/#website"},"primaryImageOfPage":{"@id":"https:\/\/www.satorihealth.ca\/blog\/product\/hmf-fit-for-school\/#primaryimage"},"image":{"@id":"https:\/\/www.satorihealth.ca\/blog\/product\/hmf-fit-for-school\/#primaryimage"},"thumbnailUrl":"https:\/\/www.satorihealth.ca\/blog\/wp-content\/uploads\/2018\/05\/497_hmf_fit_for_school_ca_1.jpg","datePublished":"2018-05-02T20:39:37+00:00","dateModified":"2019-10-25T06:54:44+00:00","breadcrumb":{"@id":"https:\/\/www.satorihealth.ca\/blog\/product\/hmf-fit-for-school\/#breadcrumb"},"inLanguage":"en-US","potentialAction":[{"@type":"ReadAction","target":["https:\/\/www.satorihealth.ca\/blog\/product\/hmf-fit-for-school\/"]}]},{"@type":"ImageObject","inLanguage":"en-US","@id":"https:\/\/www.satorihealth.ca\/blog\/product\/hmf-fit-for-school\/#primaryimage","url":"https:\/\/www.satorihealth.ca\/blog\/wp-content\/uploads\/2018\/05\/497_hmf_fit_for_school_ca_1.jpg","contentUrl":"https:\/\/www.satorihealth.ca\/blog\/wp-content\/uploads\/2018\/05\/497_hmf_fit_for_school_ca_1.jpg","width":400,"height":400},{"@type":"BreadcrumbList","@id":"https:\/\/www.satorihealth.ca\/blog\/product\/hmf-fit-for-school\/#breadcrumb","itemListElement":[{"@type":"ListItem","position":1,"name":"Home","item":"https:\/\/www.satorihealth.ca\/blog\/"},{"@type":"ListItem","position":2,"name":"Products","item":"https:\/\/www.satorihealth.ca\/blog\/shop\/"},{"@type":"ListItem","position":3,"name":"HMF Fit For School"}]},{"@type":"WebSite","@id":"https:\/\/www.satorihealth.ca\/blog\/#website","url":"https:\/\/www.satorihealth.ca\/blog\/","name":"Satori Radio Blog","description":"Live In Health. Live From The Soul.","publisher":{"@id":"https:\/\/www.satorihealth.ca\/blog\/#organization"},"potentialAction":[{"@type":"SearchAction","target":{"@type":"EntryPoint","urlTemplate":"https:\/\/www.satorihealth.ca\/blog\/?s={search_term_string}"},"query-input":{"@type":"PropertyValueSpecification","valueRequired":true,"valueName":"search_term_string"}}],"inLanguage":"en-US"},{"@type":"Organization","@id":"https:\/\/www.satorihealth.ca\/blog\/#organization","name":"Satori Health & Wellness Coaching","url":"https:\/\/www.satorihealth.ca\/blog\/","logo":{"@type":"ImageObject","inLanguage":"en-US","@id":"https:\/\/www.satorihealth.ca\/blog\/#\/schema\/logo\/image\/","url":"https:\/\/www.satorihealth.ca\/blog\/wp-content\/uploads\/2018\/04\/IMG_2512.jpg","contentUrl":"https:\/\/www.satorihealth.ca\/blog\/wp-content\/uploads\/2018\/04\/IMG_2512.jpg","width":1200,"height":600,"caption":"Satori Health & Wellness Coaching"},"image":{"@id":"https:\/\/www.satorihealth.ca\/blog\/#\/schema\/logo\/image\/"},"sameAs":["http:\/\/satorihwcoachingltd"]}]}},"_links":{"self":[{"href":"https:\/\/www.satorihealth.ca\/blog\/wp-json\/wp\/v2\/product\/4501","targetHints":{"allow":["GET"]}}],"collection":[{"href":"https:\/\/www.satorihealth.ca\/blog\/wp-json\/wp\/v2\/product"}],"about":[{"href":"https:\/\/www.satorihealth.ca\/blog\/wp-json\/wp\/v2\/types\/product"}],"wp:featuredmedia":[{"embeddable":true,"href":"https:\/\/www.satorihealth.ca\/blog\/wp-json\/wp\/v2\/media\/4518"}],"wp:attachment":[{"href":"https:\/\/www.satorihealth.ca\/blog\/wp-json\/wp\/v2\/media?parent=4501"}],"wp:term":[{"taxonomy":"product_brand","embeddable":true,"href":"https:\/\/www.satorihealth.ca\/blog\/wp-json\/wp\/v2\/product_brand?post=4501"},{"taxonomy":"product_cat","embeddable":true,"href":"https:\/\/www.satorihealth.ca\/blog\/wp-json\/wp\/v2\/product_cat?post=4501"},{"taxonomy":"product_tag","embeddable":true,"href":"https:\/\/www.satorihealth.ca\/blog\/wp-json\/wp\/v2\/product_tag?post=4501"}],"curies":[{"name":"wp","href":"https:\/\/api.w.org\/{rel}","templated":true}]}}