{"id":4509,"date":"2018-05-02T13:40:09","date_gmt":"2018-05-02T20:40:09","guid":{"rendered":"https:\/\/www.satorihealth.ca\/blog\/?post_type=product&#038;p=4509"},"modified":"2019-11-19T12:43:29","modified_gmt":"2019-11-19T20:43:29","slug":"hmf-intensive-50","status":"publish","type":"product","link":"https:\/\/www.satorihealth.ca\/blog\/product\/hmf-intensive-50\/","title":{"rendered":"HMF Intensive 50"},"content":{"rendered":"<p><strong>Delayed-release, shelf-stable probiotic formula<\/strong><br \/>\n\u2022 Supports gastrointestinal health<br \/>\n\u2022 Provides 50 billion CFU per dose from a combination of four proprietary strains<br \/>\n\u2022 Formulated with acid-resistant and delayed-release capsules for targeted delivery to the intestines<br \/>\n\u2022 Convenient, once-daily capsule format<\/p>\n<p>HMF Intensive 50 is a shelf-stable probiotic formula that offers 50 billion CFU from a combination of four proprietary strains. These microorganisms have been used in a wide body of clinical research and are one of the most studied probiotic combinations worldwide.<sup>1-6<\/sup>\u00a0Research has demonstrated that these strains support a healthy gut flora and promote gastrointestinal comfort.<sup>1-4<\/sup>\u00a0In addition, these human-sourced strains were selected based on their high quality and viability, strong epithelial adherence, and naturally high tolerance to stomach and bile acid.<sup>7<\/sup>\u00a0To further enhance probiotic survivability through the stomach, HMF Intensive 50 is produced with delayed release capsules. Each capsule is formulated with unique polymer properties that resist stomach acid and delay the release of probiotics after swallowing, allowing for complete, targeted release in the intestines and optimal probiotic activity.<sup>8<\/sup><\/p>\n<p>References<br \/>\n1. Madden, JA, Plummer, SF, Tang, J, Garaiova, I, Plummer, NT, Herbison, M, Hunter, JO, Shimada, T, Cheng, L, Shirakawa, T. Int Immunopharmacol. 2005; 5(6): 1091-1097.<br \/>\n2. Plummer, SF, Garaiova, I, Sarvotham, T, Cottrell, SL, Le Scouiller, S, Weaver, MA, Tang, J, Dee, P, Hunter, J. Int J Antimicrob Agents. 2005; 26(1): 69-74.<br \/>\n3. Plummer, S, Weaver, MA, Harris, JC, Dee, P, Hunter, J. Int Microbiol. 2004; 7(1): 59-62.<br \/>\n4. Williams, EA, Stimpson, J, Wang, D, Plummer, S, Garaiova, I, Barker, ME, Corfe, BM. Aliment Pharmacol Ther. 2009; 29(1): 97-103.<br \/>\n5. Garaiova, I, Muchov\u00e1, J, Nagyov\u00e1, Z, Wang, D, Li, JV, Orsz\u00e1ghov\u00e1, Z, Michael, DR, Plummer, SF, \u010eura\u010dkov\u00e1, Z. Eur J Clin Nutr. 2015; 69(3): 373-379.<br \/>\n6. Allen, SJ, Jordan, S, Storey, M, Thornton, CA, Gravenor, M, Garaiova, I, Plummer, SF, Wang, D, Morgan, G. J Nutr. 2010; 140(3): 483-488.<br \/>\n7. Seroyal. Data on file.<br \/>\n8. Amo, R. Capsugel\u00ae. (2014). DRcaps\u00ae Capsules Achieve Delayed Release Properties for Nutritional Ingredients in Human Clinical Study. [White Paper].<\/p>\n<p><img loading=\"lazy\" decoding=\"async\" class=\"aligncenter size-full wp-image-4513\" src=\"https:\/\/www.satorihealth.ca\/blog\/wp-content\/uploads\/2018\/05\/354_hmf_intensive_50_ca.jpg\" alt=\"\" width=\"400\" height=\"400\" srcset=\"https:\/\/www.satorihealth.ca\/blog\/wp-content\/uploads\/2018\/05\/354_hmf_intensive_50_ca.jpg 400w, https:\/\/www.satorihealth.ca\/blog\/wp-content\/uploads\/2018\/05\/354_hmf_intensive_50_ca-295x295.jpg 295w, https:\/\/www.satorihealth.ca\/blog\/wp-content\/uploads\/2018\/05\/354_hmf_intensive_50_ca-100x100.jpg 100w, https:\/\/www.satorihealth.ca\/blog\/wp-content\/uploads\/2018\/05\/354_hmf_intensive_50_ca-296x296.jpg 296w, https:\/\/www.satorihealth.ca\/blog\/wp-content\/uploads\/2018\/05\/354_hmf_intensive_50_ca-150x150.jpg 150w, https:\/\/www.satorihealth.ca\/blog\/wp-content\/uploads\/2018\/05\/354_hmf_intensive_50_ca-300x300.jpg 300w\" sizes=\"auto, (max-width: 400px) 100vw, 400px\" \/><\/p>\n","protected":false},"excerpt":{"rendered":"<p>Delayed-release, shelf-stable probiotic formula \u2022 Supports gastrointestinal health \u2022 Provides 50 billion CFU per dose from a combination of four proprietary strains \u2022 Formulated with acid-resistant and delayed-release capsules for targeted delivery to the intestines \u2022 Convenient, once-daily capsule format HMF Intensive 50 is a shelf-stable probiotic formula that offers 50 billion CFU from a combination of four proprietary strains. These microorganisms have been used in a wide body of clinical research and are one of the most studied probiotic combinations worldwide.1-6\u00a0Research has demonstrated that these strains support a healthy gut flora and promote gastrointestinal comfort.1-4\u00a0In addition, these human-sourced strains were selected based on their high quality and viability, strong epithelial adherence, and naturally high tolerance to stomach and bile acid.7\u00a0To further enhance probiotic survivability through the stomach, HMF Intensive 50 is produced with delayed release capsules. Each capsule is formulated with unique polymer properties that resist stomach acid and delay the release of probiotics after swallowing, allowing for complete, targeted release in the intestines and optimal probiotic activity.8 References 1. Madden, JA, Plummer, SF, Tang, J, Garaiova, I, Plummer, NT, Herbison, M, Hunter, JO, Shimada, T, Cheng, L, Shirakawa, T. Int Immunopharmacol. 2005; 5(6): 1091-1097. 2. Plummer, SF, Garaiova, [&hellip;]<\/p>\n","protected":false},"featured_media":4513,"template":"","meta":{"wds_primary_product_brand":0,"wds_primary_product_cat":0},"product_brand":[],"product_cat":[84],"product_tag":[],"class_list":{"0":"post-4509","1":"product","2":"type-product","3":"status-publish","4":"has-post-thumbnail","6":"product_cat-probiotics","8":"first","9":"instock","10":"taxable","11":"shipping-taxable","12":"purchasable","13":"product-type-simple"},"yoast_head":"<!-- This site is optimized with the Yoast SEO plugin v27.6 - https:\/\/yoast.com\/product\/yoast-seo-wordpress\/ -->\n<title>HMF Intensive 50 - Satori Radio Podcast | Blog<\/title>\n<meta name=\"robots\" content=\"index, follow, max-snippet:-1, max-image-preview:large, max-video-preview:-1\" \/>\n<link rel=\"canonical\" href=\"https:\/\/www.satorihealth.ca\/blog\/product\/hmf-intensive-50\/\" \/>\n<meta property=\"og:locale\" content=\"en_US\" \/>\n<meta property=\"og:type\" content=\"article\" \/>\n<meta property=\"og:title\" content=\"HMF Intensive 50 - Satori Radio Podcast | Blog\" \/>\n<meta property=\"og:description\" content=\"Delayed-release, shelf-stable probiotic formula \u2022 Supports gastrointestinal health \u2022 Provides 50 billion CFU per dose from a combination of four proprietary strains \u2022 Formulated with acid-resistant and delayed-release capsules for targeted delivery to the intestines \u2022 Convenient, once-daily capsule format HMF Intensive 50 is a shelf-stable probiotic formula that offers 50 billion CFU from a combination of four proprietary strains. These microorganisms have been used in a wide body of clinical research and are one of the most studied probiotic combinations worldwide.1-6\u00a0Research has demonstrated that these strains support a healthy gut flora and promote gastrointestinal comfort.1-4\u00a0In addition, these human-sourced strains were selected based on their high quality and viability, strong epithelial adherence, and naturally high tolerance to stomach and bile acid.7\u00a0To further enhance probiotic survivability through the stomach, HMF Intensive 50 is produced with delayed release capsules. Each capsule is formulated with unique polymer properties that resist stomach acid and delay the release of probiotics after swallowing, allowing for complete, targeted release in the intestines and optimal probiotic activity.8 References 1. Madden, JA, Plummer, SF, Tang, J, Garaiova, I, Plummer, NT, Herbison, M, Hunter, JO, Shimada, T, Cheng, L, Shirakawa, T. Int Immunopharmacol. 2005; 5(6): 1091-1097. 2. Plummer, SF, Garaiova, [&hellip;]\" \/>\n<meta property=\"og:url\" content=\"https:\/\/www.satorihealth.ca\/blog\/product\/hmf-intensive-50\/\" \/>\n<meta property=\"og:site_name\" content=\"Satori Radio Podcast | Blog\" \/>\n<meta property=\"article:publisher\" content=\"http:\/\/satorihwcoachingltd\" \/>\n<meta property=\"article:modified_time\" content=\"2019-11-19T20:43:29+00:00\" \/>\n<meta property=\"og:image\" content=\"https:\/\/www.satorihealth.ca\/blog\/wp-content\/uploads\/2018\/05\/354_hmf_intensive_50_ca.jpg\" \/>\n\t<meta property=\"og:image:width\" content=\"400\" \/>\n\t<meta property=\"og:image:height\" content=\"400\" \/>\n\t<meta property=\"og:image:type\" content=\"image\/jpeg\" \/>\n<meta name=\"twitter:card\" content=\"summary_large_image\" \/>\n<meta name=\"twitter:label1\" content=\"Est. reading time\" \/>\n\t<meta name=\"twitter:data1\" content=\"2 minutes\" \/>\n<script type=\"application\/ld+json\" class=\"yoast-schema-graph\">{\"@context\":\"https:\\\/\\\/schema.org\",\"@graph\":[{\"@type\":\"WebPage\",\"@id\":\"https:\\\/\\\/www.satorihealth.ca\\\/blog\\\/product\\\/hmf-intensive-50\\\/\",\"url\":\"https:\\\/\\\/www.satorihealth.ca\\\/blog\\\/product\\\/hmf-intensive-50\\\/\",\"name\":\"HMF Intensive 50 - Satori Radio Podcast | Blog\",\"isPartOf\":{\"@id\":\"https:\\\/\\\/www.satorihealth.ca\\\/blog\\\/#website\"},\"primaryImageOfPage\":{\"@id\":\"https:\\\/\\\/www.satorihealth.ca\\\/blog\\\/product\\\/hmf-intensive-50\\\/#primaryimage\"},\"image\":{\"@id\":\"https:\\\/\\\/www.satorihealth.ca\\\/blog\\\/product\\\/hmf-intensive-50\\\/#primaryimage\"},\"thumbnailUrl\":\"https:\\\/\\\/www.satorihealth.ca\\\/blog\\\/wp-content\\\/uploads\\\/2018\\\/05\\\/354_hmf_intensive_50_ca.jpg\",\"datePublished\":\"2018-05-02T20:40:09+00:00\",\"dateModified\":\"2019-11-19T20:43:29+00:00\",\"breadcrumb\":{\"@id\":\"https:\\\/\\\/www.satorihealth.ca\\\/blog\\\/product\\\/hmf-intensive-50\\\/#breadcrumb\"},\"inLanguage\":\"en-US\",\"potentialAction\":[{\"@type\":\"ReadAction\",\"target\":[\"https:\\\/\\\/www.satorihealth.ca\\\/blog\\\/product\\\/hmf-intensive-50\\\/\"]}]},{\"@type\":\"ImageObject\",\"inLanguage\":\"en-US\",\"@id\":\"https:\\\/\\\/www.satorihealth.ca\\\/blog\\\/product\\\/hmf-intensive-50\\\/#primaryimage\",\"url\":\"https:\\\/\\\/www.satorihealth.ca\\\/blog\\\/wp-content\\\/uploads\\\/2018\\\/05\\\/354_hmf_intensive_50_ca.jpg\",\"contentUrl\":\"https:\\\/\\\/www.satorihealth.ca\\\/blog\\\/wp-content\\\/uploads\\\/2018\\\/05\\\/354_hmf_intensive_50_ca.jpg\",\"width\":400,\"height\":400,\"caption\":\"Satori Health & Wellness Coaching\"},{\"@type\":\"BreadcrumbList\",\"@id\":\"https:\\\/\\\/www.satorihealth.ca\\\/blog\\\/product\\\/hmf-intensive-50\\\/#breadcrumb\",\"itemListElement\":[{\"@type\":\"ListItem\",\"position\":1,\"name\":\"Home\",\"item\":\"https:\\\/\\\/www.satorihealth.ca\\\/blog\\\/\"},{\"@type\":\"ListItem\",\"position\":2,\"name\":\"Products\",\"item\":\"https:\\\/\\\/www.satorihealth.ca\\\/blog\\\/shop\\\/\"},{\"@type\":\"ListItem\",\"position\":3,\"name\":\"HMF Intensive 50\"}]},{\"@type\":\"WebSite\",\"@id\":\"https:\\\/\\\/www.satorihealth.ca\\\/blog\\\/#website\",\"url\":\"https:\\\/\\\/www.satorihealth.ca\\\/blog\\\/\",\"name\":\"Satori Radio Blog\",\"description\":\"Live In Health. Live From The Soul.\",\"publisher\":{\"@id\":\"https:\\\/\\\/www.satorihealth.ca\\\/blog\\\/#organization\"},\"potentialAction\":[{\"@type\":\"SearchAction\",\"target\":{\"@type\":\"EntryPoint\",\"urlTemplate\":\"https:\\\/\\\/www.satorihealth.ca\\\/blog\\\/?s={search_term_string}\"},\"query-input\":{\"@type\":\"PropertyValueSpecification\",\"valueRequired\":true,\"valueName\":\"search_term_string\"}}],\"inLanguage\":\"en-US\"},{\"@type\":\"Organization\",\"@id\":\"https:\\\/\\\/www.satorihealth.ca\\\/blog\\\/#organization\",\"name\":\"Satori Health & Wellness Coaching\",\"url\":\"https:\\\/\\\/www.satorihealth.ca\\\/blog\\\/\",\"logo\":{\"@type\":\"ImageObject\",\"inLanguage\":\"en-US\",\"@id\":\"https:\\\/\\\/www.satorihealth.ca\\\/blog\\\/#\\\/schema\\\/logo\\\/image\\\/\",\"url\":\"https:\\\/\\\/www.satorihealth.ca\\\/blog\\\/wp-content\\\/uploads\\\/2018\\\/04\\\/IMG_2512.jpg\",\"contentUrl\":\"https:\\\/\\\/www.satorihealth.ca\\\/blog\\\/wp-content\\\/uploads\\\/2018\\\/04\\\/IMG_2512.jpg\",\"width\":1200,\"height\":600,\"caption\":\"Satori Health & Wellness Coaching\"},\"image\":{\"@id\":\"https:\\\/\\\/www.satorihealth.ca\\\/blog\\\/#\\\/schema\\\/logo\\\/image\\\/\"},\"sameAs\":[\"http:\\\/\\\/satorihwcoachingltd\"]}]}<\/script>\n<!-- \/ Yoast SEO plugin. -->","yoast_head_json":{"title":"HMF Intensive 50 - Satori Radio Podcast | Blog","robots":{"index":"index","follow":"follow","max-snippet":"max-snippet:-1","max-image-preview":"max-image-preview:large","max-video-preview":"max-video-preview:-1"},"canonical":"https:\/\/www.satorihealth.ca\/blog\/product\/hmf-intensive-50\/","og_locale":"en_US","og_type":"article","og_title":"HMF Intensive 50 - Satori Radio Podcast | Blog","og_description":"Delayed-release, shelf-stable probiotic formula \u2022 Supports gastrointestinal health \u2022 Provides 50 billion CFU per dose from a combination of four proprietary strains \u2022 Formulated with acid-resistant and delayed-release capsules for targeted delivery to the intestines \u2022 Convenient, once-daily capsule format HMF Intensive 50 is a shelf-stable probiotic formula that offers 50 billion CFU from a combination of four proprietary strains. These microorganisms have been used in a wide body of clinical research and are one of the most studied probiotic combinations worldwide.1-6\u00a0Research has demonstrated that these strains support a healthy gut flora and promote gastrointestinal comfort.1-4\u00a0In addition, these human-sourced strains were selected based on their high quality and viability, strong epithelial adherence, and naturally high tolerance to stomach and bile acid.7\u00a0To further enhance probiotic survivability through the stomach, HMF Intensive 50 is produced with delayed release capsules. Each capsule is formulated with unique polymer properties that resist stomach acid and delay the release of probiotics after swallowing, allowing for complete, targeted release in the intestines and optimal probiotic activity.8 References 1. Madden, JA, Plummer, SF, Tang, J, Garaiova, I, Plummer, NT, Herbison, M, Hunter, JO, Shimada, T, Cheng, L, Shirakawa, T. Int Immunopharmacol. 2005; 5(6): 1091-1097. 2. Plummer, SF, Garaiova, [&hellip;]","og_url":"https:\/\/www.satorihealth.ca\/blog\/product\/hmf-intensive-50\/","og_site_name":"Satori Radio Podcast | Blog","article_publisher":"http:\/\/satorihwcoachingltd","article_modified_time":"2019-11-19T20:43:29+00:00","og_image":[{"width":400,"height":400,"url":"https:\/\/www.satorihealth.ca\/blog\/wp-content\/uploads\/2018\/05\/354_hmf_intensive_50_ca.jpg","type":"image\/jpeg"}],"twitter_card":"summary_large_image","twitter_misc":{"Est. reading time":"2 minutes"},"schema":{"@context":"https:\/\/schema.org","@graph":[{"@type":"WebPage","@id":"https:\/\/www.satorihealth.ca\/blog\/product\/hmf-intensive-50\/","url":"https:\/\/www.satorihealth.ca\/blog\/product\/hmf-intensive-50\/","name":"HMF Intensive 50 - Satori Radio Podcast | Blog","isPartOf":{"@id":"https:\/\/www.satorihealth.ca\/blog\/#website"},"primaryImageOfPage":{"@id":"https:\/\/www.satorihealth.ca\/blog\/product\/hmf-intensive-50\/#primaryimage"},"image":{"@id":"https:\/\/www.satorihealth.ca\/blog\/product\/hmf-intensive-50\/#primaryimage"},"thumbnailUrl":"https:\/\/www.satorihealth.ca\/blog\/wp-content\/uploads\/2018\/05\/354_hmf_intensive_50_ca.jpg","datePublished":"2018-05-02T20:40:09+00:00","dateModified":"2019-11-19T20:43:29+00:00","breadcrumb":{"@id":"https:\/\/www.satorihealth.ca\/blog\/product\/hmf-intensive-50\/#breadcrumb"},"inLanguage":"en-US","potentialAction":[{"@type":"ReadAction","target":["https:\/\/www.satorihealth.ca\/blog\/product\/hmf-intensive-50\/"]}]},{"@type":"ImageObject","inLanguage":"en-US","@id":"https:\/\/www.satorihealth.ca\/blog\/product\/hmf-intensive-50\/#primaryimage","url":"https:\/\/www.satorihealth.ca\/blog\/wp-content\/uploads\/2018\/05\/354_hmf_intensive_50_ca.jpg","contentUrl":"https:\/\/www.satorihealth.ca\/blog\/wp-content\/uploads\/2018\/05\/354_hmf_intensive_50_ca.jpg","width":400,"height":400,"caption":"Satori Health & Wellness Coaching"},{"@type":"BreadcrumbList","@id":"https:\/\/www.satorihealth.ca\/blog\/product\/hmf-intensive-50\/#breadcrumb","itemListElement":[{"@type":"ListItem","position":1,"name":"Home","item":"https:\/\/www.satorihealth.ca\/blog\/"},{"@type":"ListItem","position":2,"name":"Products","item":"https:\/\/www.satorihealth.ca\/blog\/shop\/"},{"@type":"ListItem","position":3,"name":"HMF Intensive 50"}]},{"@type":"WebSite","@id":"https:\/\/www.satorihealth.ca\/blog\/#website","url":"https:\/\/www.satorihealth.ca\/blog\/","name":"Satori Radio Blog","description":"Live In Health. Live From The Soul.","publisher":{"@id":"https:\/\/www.satorihealth.ca\/blog\/#organization"},"potentialAction":[{"@type":"SearchAction","target":{"@type":"EntryPoint","urlTemplate":"https:\/\/www.satorihealth.ca\/blog\/?s={search_term_string}"},"query-input":{"@type":"PropertyValueSpecification","valueRequired":true,"valueName":"search_term_string"}}],"inLanguage":"en-US"},{"@type":"Organization","@id":"https:\/\/www.satorihealth.ca\/blog\/#organization","name":"Satori Health & Wellness Coaching","url":"https:\/\/www.satorihealth.ca\/blog\/","logo":{"@type":"ImageObject","inLanguage":"en-US","@id":"https:\/\/www.satorihealth.ca\/blog\/#\/schema\/logo\/image\/","url":"https:\/\/www.satorihealth.ca\/blog\/wp-content\/uploads\/2018\/04\/IMG_2512.jpg","contentUrl":"https:\/\/www.satorihealth.ca\/blog\/wp-content\/uploads\/2018\/04\/IMG_2512.jpg","width":1200,"height":600,"caption":"Satori Health & Wellness Coaching"},"image":{"@id":"https:\/\/www.satorihealth.ca\/blog\/#\/schema\/logo\/image\/"},"sameAs":["http:\/\/satorihwcoachingltd"]}]}},"_links":{"self":[{"href":"https:\/\/www.satorihealth.ca\/blog\/wp-json\/wp\/v2\/product\/4509","targetHints":{"allow":["GET"]}}],"collection":[{"href":"https:\/\/www.satorihealth.ca\/blog\/wp-json\/wp\/v2\/product"}],"about":[{"href":"https:\/\/www.satorihealth.ca\/blog\/wp-json\/wp\/v2\/types\/product"}],"wp:featuredmedia":[{"embeddable":true,"href":"https:\/\/www.satorihealth.ca\/blog\/wp-json\/wp\/v2\/media\/4513"}],"wp:attachment":[{"href":"https:\/\/www.satorihealth.ca\/blog\/wp-json\/wp\/v2\/media?parent=4509"}],"wp:term":[{"taxonomy":"product_brand","embeddable":true,"href":"https:\/\/www.satorihealth.ca\/blog\/wp-json\/wp\/v2\/product_brand?post=4509"},{"taxonomy":"product_cat","embeddable":true,"href":"https:\/\/www.satorihealth.ca\/blog\/wp-json\/wp\/v2\/product_cat?post=4509"},{"taxonomy":"product_tag","embeddable":true,"href":"https:\/\/www.satorihealth.ca\/blog\/wp-json\/wp\/v2\/product_tag?post=4509"}],"curies":[{"name":"wp","href":"https:\/\/api.w.org\/{rel}","templated":true}]}}