{"id":4511,"date":"2018-05-02T13:40:15","date_gmt":"2018-05-02T20:40:15","guid":{"rendered":"https:\/\/www.satorihealth.ca\/blog\/?post_type=product&#038;p=4511"},"modified":"2022-05-03T12:45:40","modified_gmt":"2022-05-03T19:45:40","slug":"hmf-immune","status":"publish","type":"product","link":"https:\/\/www.satorihealth.ca\/blog\/product\/hmf-immune\/","title":{"rendered":"HMF Immune &#8211; 30 Chewable Tablets"},"content":{"rendered":"<p>HMF\u00ae Immune combines proprietary probiotics with vitamins C and D to provide targeted support for the immune system. Each convenient, once-daily chewable tablet provides a blend of five research-driven probiotic strains from both the Lactobacillus and Bifidobacterium genera.<\/p>\n<p>As nearly 80% of the body&#8217;s immunologically active cells are located in gut-associated lymphoid tissue, an important connection has been demonstrated between the intestines and the immune system.<\/p>\n<p>1. In addition to supporting gastrointestinal health, HMF\u00ae Immune provides Bl-04, a strain that has been shown in a clinical trial to reduce the risk of developing and the duration of upper respiratory tract illness in physically active adults.(2).<\/p>\n<p>Similarly, it offers CUL-60, CUL-21, CUL-34 and CUL-20, which were demonstrated in a clinical trial to support upper respiratory tract health when combined with vitamin C.(3)<\/p>\n<p>To further help maintain immune function, HMF\u00ae Immune contains vitamins C and D. Vitamin C supports the immune system by regulating lymphocyte proliferation, natural killer cell activity and immunoglobulin production, while vitamin D helps control T cell activation, cytokine release and phagocytosis in macrophages (4)<\/p>\n<p>Research demonstrates that vitamins C and D may be especially effective in maintaining immune function in the respiratory tract (5.,6).<\/p>\n<p>REFERENCES<br \/>\n1. Saavedra, JM. Use of Probiotics in Pediatrics: Rationale, Mechanisms of Action, and Practical Aspects. Nutrition in Clinical Practice. 2007; 22: 351\u2013365.<br \/>\n2. West, NP, Horn, PL, Pyne, DB, Gebski, VJ, Lahtinen, SJ, Fricker, PA, Cripps, AW. Clin Nutr. 2014; 33(4): 581-7.<\/p>\n<p>3. Garaiova, I, Muchov\u00e1, J, Nagyov\u00e1, Z, Wang, D, Li, JV, Orsz\u00e1ghov\u00e1, Z, Michael, DR, Plummer, SF, \u010eura\u010dkov\u00e1, Z. Eur J Clin Nutr. 2015; 69(3): 373-9. 4. Combs, GF. (2012). Vitamin C. In (4th ed), The Vitamins (pp. 233-259). USA: Elsevier.<\/p>\n<p>5. Hemil\u00e4, H, Chalker, E. Cochrane Database Syst Rev. 2013; (1): CD000980.<br \/>\n6. de Sa Del Fiol, F, Barberato-Filho, S, Lopes, LC, de Cassia Bergamaschi, C. J Infect Dev Ctries. 2015; 9(4): 355-61.<\/p>\n<p>&nbsp;<\/p>\n","protected":false},"excerpt":{"rendered":"<p><strong>Genestra&#8217;s HMF Immune provides great-tasting adult&#8217;s immune support formula.\u00a0<\/strong><\/p>\n<p>30 Chewable Tablets<\/p>\n<p>\u2022 Reduces the risk of developing and the duration of upper respiratory tract illness in physically active adults<br \/>\n\u2022 Offers 30 billion CFU per dose from a combination of five proprietary strains, <strong>plus vitamins C and D<\/strong><br \/>\n\u2022 Once-daily chewable tablet available in a delicious natural blackcurrant flavour<\/p>\n<p>Genestra&#8217;s HMF Immune is Dairy Free, Gluten Free, GMO Free, contains No FOS and is Vegetarian.<\/p>\n","protected":false},"featured_media":9767,"template":"","meta":{"wds_primary_product_brand":0,"wds_primary_product_cat":0},"product_brand":[],"product_cat":[84,96,81,88],"product_tag":[175],"class_list":{"0":"post-4511","1":"product","2":"type-product","3":"status-publish","4":"has-post-thumbnail","6":"product_cat-probiotics","7":"product_cat-stress-management","8":"product_cat-vitamins-minerals","9":"product_cat-vitamins-a-k","10":"product_tag-hmf-immune","12":"first","13":"instock","14":"taxable","15":"shipping-taxable","16":"purchasable","17":"product-type-simple"},"yoast_head":"<!-- This site is optimized with the Yoast SEO plugin v27.6 - https:\/\/yoast.com\/product\/yoast-seo-wordpress\/ -->\n<title>HMF Immune - 30 Chewable Tablets - Satori Radio Podcast | Blog<\/title>\n<meta name=\"robots\" content=\"index, follow, max-snippet:-1, max-image-preview:large, max-video-preview:-1\" \/>\n<link rel=\"canonical\" href=\"https:\/\/www.satorihealth.ca\/blog\/product\/hmf-immune\/\" \/>\n<meta property=\"og:locale\" content=\"en_US\" \/>\n<meta property=\"og:type\" content=\"article\" \/>\n<meta property=\"og:title\" content=\"HMF Immune - 30 Chewable Tablets - Satori Radio Podcast | Blog\" \/>\n<meta property=\"og:description\" content=\"Genestra&#039;s HMF Immune provides great-tasting adult&#039;s immune support formula.\u00a0  30 Chewable Tablets  \u2022 Reduces the risk of developing and the duration of upper respiratory tract illness in physically active adults \u2022 Offers 30 billion CFU per dose from a combination of five proprietary strains, plus vitamins C and D \u2022 Once-daily chewable tablet available in a delicious natural blackcurrant flavour  Genestra&#039;s HMF Immune is Dairy Free, Gluten Free, GMO Free, contains No FOS and is Vegetarian.\" \/>\n<meta property=\"og:url\" content=\"https:\/\/www.satorihealth.ca\/blog\/product\/hmf-immune\/\" \/>\n<meta property=\"og:site_name\" content=\"Satori Radio Podcast | Blog\" \/>\n<meta property=\"article:publisher\" content=\"http:\/\/satorihwcoachingltd\" \/>\n<meta property=\"article:modified_time\" content=\"2022-05-03T19:45:40+00:00\" \/>\n<meta property=\"og:image\" content=\"https:\/\/www.satorihealth.ca\/blog\/wp-content\/uploads\/2018\/05\/Screen-Shot-2022-05-03-at-12.43.15-PM.png\" \/>\n\t<meta property=\"og:image:width\" content=\"146\" \/>\n\t<meta property=\"og:image:height\" content=\"219\" \/>\n\t<meta property=\"og:image:type\" content=\"image\/png\" \/>\n<meta name=\"twitter:card\" content=\"summary_large_image\" \/>\n<meta name=\"twitter:label1\" content=\"Est. reading time\" \/>\n\t<meta name=\"twitter:data1\" content=\"2 minutes\" \/>\n<script type=\"application\/ld+json\" class=\"yoast-schema-graph\">{\"@context\":\"https:\\\/\\\/schema.org\",\"@graph\":[{\"@type\":\"WebPage\",\"@id\":\"https:\\\/\\\/www.satorihealth.ca\\\/blog\\\/product\\\/hmf-immune\\\/\",\"url\":\"https:\\\/\\\/www.satorihealth.ca\\\/blog\\\/product\\\/hmf-immune\\\/\",\"name\":\"HMF Immune - 30 Chewable Tablets - Satori Radio Podcast | Blog\",\"isPartOf\":{\"@id\":\"https:\\\/\\\/www.satorihealth.ca\\\/blog\\\/#website\"},\"primaryImageOfPage\":{\"@id\":\"https:\\\/\\\/www.satorihealth.ca\\\/blog\\\/product\\\/hmf-immune\\\/#primaryimage\"},\"image\":{\"@id\":\"https:\\\/\\\/www.satorihealth.ca\\\/blog\\\/product\\\/hmf-immune\\\/#primaryimage\"},\"thumbnailUrl\":\"https:\\\/\\\/www.satorihealth.ca\\\/blog\\\/wp-content\\\/uploads\\\/2018\\\/05\\\/Screen-Shot-2022-05-03-at-12.43.15-PM.png\",\"datePublished\":\"2018-05-02T20:40:15+00:00\",\"dateModified\":\"2022-05-03T19:45:40+00:00\",\"breadcrumb\":{\"@id\":\"https:\\\/\\\/www.satorihealth.ca\\\/blog\\\/product\\\/hmf-immune\\\/#breadcrumb\"},\"inLanguage\":\"en-US\",\"potentialAction\":[{\"@type\":\"ReadAction\",\"target\":[\"https:\\\/\\\/www.satorihealth.ca\\\/blog\\\/product\\\/hmf-immune\\\/\"]}]},{\"@type\":\"ImageObject\",\"inLanguage\":\"en-US\",\"@id\":\"https:\\\/\\\/www.satorihealth.ca\\\/blog\\\/product\\\/hmf-immune\\\/#primaryimage\",\"url\":\"https:\\\/\\\/www.satorihealth.ca\\\/blog\\\/wp-content\\\/uploads\\\/2018\\\/05\\\/Screen-Shot-2022-05-03-at-12.43.15-PM.png\",\"contentUrl\":\"https:\\\/\\\/www.satorihealth.ca\\\/blog\\\/wp-content\\\/uploads\\\/2018\\\/05\\\/Screen-Shot-2022-05-03-at-12.43.15-PM.png\",\"width\":146,\"height\":219},{\"@type\":\"BreadcrumbList\",\"@id\":\"https:\\\/\\\/www.satorihealth.ca\\\/blog\\\/product\\\/hmf-immune\\\/#breadcrumb\",\"itemListElement\":[{\"@type\":\"ListItem\",\"position\":1,\"name\":\"Home\",\"item\":\"https:\\\/\\\/www.satorihealth.ca\\\/blog\\\/\"},{\"@type\":\"ListItem\",\"position\":2,\"name\":\"Products\",\"item\":\"https:\\\/\\\/www.satorihealth.ca\\\/blog\\\/shop\\\/\"},{\"@type\":\"ListItem\",\"position\":3,\"name\":\"HMF Immune &#8211; 30 Chewable Tablets\"}]},{\"@type\":\"WebSite\",\"@id\":\"https:\\\/\\\/www.satorihealth.ca\\\/blog\\\/#website\",\"url\":\"https:\\\/\\\/www.satorihealth.ca\\\/blog\\\/\",\"name\":\"Satori Radio Blog\",\"description\":\"Live In Health. Live From The Soul.\",\"publisher\":{\"@id\":\"https:\\\/\\\/www.satorihealth.ca\\\/blog\\\/#organization\"},\"potentialAction\":[{\"@type\":\"SearchAction\",\"target\":{\"@type\":\"EntryPoint\",\"urlTemplate\":\"https:\\\/\\\/www.satorihealth.ca\\\/blog\\\/?s={search_term_string}\"},\"query-input\":{\"@type\":\"PropertyValueSpecification\",\"valueRequired\":true,\"valueName\":\"search_term_string\"}}],\"inLanguage\":\"en-US\"},{\"@type\":\"Organization\",\"@id\":\"https:\\\/\\\/www.satorihealth.ca\\\/blog\\\/#organization\",\"name\":\"Satori Health & Wellness Coaching\",\"url\":\"https:\\\/\\\/www.satorihealth.ca\\\/blog\\\/\",\"logo\":{\"@type\":\"ImageObject\",\"inLanguage\":\"en-US\",\"@id\":\"https:\\\/\\\/www.satorihealth.ca\\\/blog\\\/#\\\/schema\\\/logo\\\/image\\\/\",\"url\":\"https:\\\/\\\/www.satorihealth.ca\\\/blog\\\/wp-content\\\/uploads\\\/2018\\\/04\\\/IMG_2512.jpg\",\"contentUrl\":\"https:\\\/\\\/www.satorihealth.ca\\\/blog\\\/wp-content\\\/uploads\\\/2018\\\/04\\\/IMG_2512.jpg\",\"width\":1200,\"height\":600,\"caption\":\"Satori Health & Wellness Coaching\"},\"image\":{\"@id\":\"https:\\\/\\\/www.satorihealth.ca\\\/blog\\\/#\\\/schema\\\/logo\\\/image\\\/\"},\"sameAs\":[\"http:\\\/\\\/satorihwcoachingltd\"]}]}<\/script>\n<!-- \/ Yoast SEO plugin. -->","yoast_head_json":{"title":"HMF Immune - 30 Chewable Tablets - Satori Radio Podcast | Blog","robots":{"index":"index","follow":"follow","max-snippet":"max-snippet:-1","max-image-preview":"max-image-preview:large","max-video-preview":"max-video-preview:-1"},"canonical":"https:\/\/www.satorihealth.ca\/blog\/product\/hmf-immune\/","og_locale":"en_US","og_type":"article","og_title":"HMF Immune - 30 Chewable Tablets - Satori Radio Podcast | Blog","og_description":"Genestra's HMF Immune provides great-tasting adult's immune support formula.\u00a0  30 Chewable Tablets  \u2022 Reduces the risk of developing and the duration of upper respiratory tract illness in physically active adults \u2022 Offers 30 billion CFU per dose from a combination of five proprietary strains, plus vitamins C and D \u2022 Once-daily chewable tablet available in a delicious natural blackcurrant flavour  Genestra's HMF Immune is Dairy Free, Gluten Free, GMO Free, contains No FOS and is Vegetarian.","og_url":"https:\/\/www.satorihealth.ca\/blog\/product\/hmf-immune\/","og_site_name":"Satori Radio Podcast | Blog","article_publisher":"http:\/\/satorihwcoachingltd","article_modified_time":"2022-05-03T19:45:40+00:00","og_image":[{"width":146,"height":219,"url":"https:\/\/www.satorihealth.ca\/blog\/wp-content\/uploads\/2018\/05\/Screen-Shot-2022-05-03-at-12.43.15-PM.png","type":"image\/png"}],"twitter_card":"summary_large_image","twitter_misc":{"Est. reading time":"2 minutes"},"schema":{"@context":"https:\/\/schema.org","@graph":[{"@type":"WebPage","@id":"https:\/\/www.satorihealth.ca\/blog\/product\/hmf-immune\/","url":"https:\/\/www.satorihealth.ca\/blog\/product\/hmf-immune\/","name":"HMF Immune - 30 Chewable Tablets - Satori Radio Podcast | Blog","isPartOf":{"@id":"https:\/\/www.satorihealth.ca\/blog\/#website"},"primaryImageOfPage":{"@id":"https:\/\/www.satorihealth.ca\/blog\/product\/hmf-immune\/#primaryimage"},"image":{"@id":"https:\/\/www.satorihealth.ca\/blog\/product\/hmf-immune\/#primaryimage"},"thumbnailUrl":"https:\/\/www.satorihealth.ca\/blog\/wp-content\/uploads\/2018\/05\/Screen-Shot-2022-05-03-at-12.43.15-PM.png","datePublished":"2018-05-02T20:40:15+00:00","dateModified":"2022-05-03T19:45:40+00:00","breadcrumb":{"@id":"https:\/\/www.satorihealth.ca\/blog\/product\/hmf-immune\/#breadcrumb"},"inLanguage":"en-US","potentialAction":[{"@type":"ReadAction","target":["https:\/\/www.satorihealth.ca\/blog\/product\/hmf-immune\/"]}]},{"@type":"ImageObject","inLanguage":"en-US","@id":"https:\/\/www.satorihealth.ca\/blog\/product\/hmf-immune\/#primaryimage","url":"https:\/\/www.satorihealth.ca\/blog\/wp-content\/uploads\/2018\/05\/Screen-Shot-2022-05-03-at-12.43.15-PM.png","contentUrl":"https:\/\/www.satorihealth.ca\/blog\/wp-content\/uploads\/2018\/05\/Screen-Shot-2022-05-03-at-12.43.15-PM.png","width":146,"height":219},{"@type":"BreadcrumbList","@id":"https:\/\/www.satorihealth.ca\/blog\/product\/hmf-immune\/#breadcrumb","itemListElement":[{"@type":"ListItem","position":1,"name":"Home","item":"https:\/\/www.satorihealth.ca\/blog\/"},{"@type":"ListItem","position":2,"name":"Products","item":"https:\/\/www.satorihealth.ca\/blog\/shop\/"},{"@type":"ListItem","position":3,"name":"HMF Immune &#8211; 30 Chewable Tablets"}]},{"@type":"WebSite","@id":"https:\/\/www.satorihealth.ca\/blog\/#website","url":"https:\/\/www.satorihealth.ca\/blog\/","name":"Satori Radio Blog","description":"Live In Health. Live From The Soul.","publisher":{"@id":"https:\/\/www.satorihealth.ca\/blog\/#organization"},"potentialAction":[{"@type":"SearchAction","target":{"@type":"EntryPoint","urlTemplate":"https:\/\/www.satorihealth.ca\/blog\/?s={search_term_string}"},"query-input":{"@type":"PropertyValueSpecification","valueRequired":true,"valueName":"search_term_string"}}],"inLanguage":"en-US"},{"@type":"Organization","@id":"https:\/\/www.satorihealth.ca\/blog\/#organization","name":"Satori Health & Wellness Coaching","url":"https:\/\/www.satorihealth.ca\/blog\/","logo":{"@type":"ImageObject","inLanguage":"en-US","@id":"https:\/\/www.satorihealth.ca\/blog\/#\/schema\/logo\/image\/","url":"https:\/\/www.satorihealth.ca\/blog\/wp-content\/uploads\/2018\/04\/IMG_2512.jpg","contentUrl":"https:\/\/www.satorihealth.ca\/blog\/wp-content\/uploads\/2018\/04\/IMG_2512.jpg","width":1200,"height":600,"caption":"Satori Health & Wellness Coaching"},"image":{"@id":"https:\/\/www.satorihealth.ca\/blog\/#\/schema\/logo\/image\/"},"sameAs":["http:\/\/satorihwcoachingltd"]}]}},"_links":{"self":[{"href":"https:\/\/www.satorihealth.ca\/blog\/wp-json\/wp\/v2\/product\/4511","targetHints":{"allow":["GET"]}}],"collection":[{"href":"https:\/\/www.satorihealth.ca\/blog\/wp-json\/wp\/v2\/product"}],"about":[{"href":"https:\/\/www.satorihealth.ca\/blog\/wp-json\/wp\/v2\/types\/product"}],"wp:featuredmedia":[{"embeddable":true,"href":"https:\/\/www.satorihealth.ca\/blog\/wp-json\/wp\/v2\/media\/9767"}],"wp:attachment":[{"href":"https:\/\/www.satorihealth.ca\/blog\/wp-json\/wp\/v2\/media?parent=4511"}],"wp:term":[{"taxonomy":"product_brand","embeddable":true,"href":"https:\/\/www.satorihealth.ca\/blog\/wp-json\/wp\/v2\/product_brand?post=4511"},{"taxonomy":"product_cat","embeddable":true,"href":"https:\/\/www.satorihealth.ca\/blog\/wp-json\/wp\/v2\/product_cat?post=4511"},{"taxonomy":"product_tag","embeddable":true,"href":"https:\/\/www.satorihealth.ca\/blog\/wp-json\/wp\/v2\/product_tag?post=4511"}],"curies":[{"name":"wp","href":"https:\/\/api.w.org\/{rel}","templated":true}]}}